{"id":49,"date":"2018-07-01T16:38:14","date_gmt":"2018-07-01T16:38:14","guid":{"rendered":"http:\/\/54.37.75.198\/?page_id=49"},"modified":"2025-10-01T10:23:56","modified_gmt":"2025-10-01T10:23:56","slug":"vita","status":"publish","type":"page","link":"https:\/\/dashimmlische.de\/index.php\/vita\/","title":{"rendered":"Vita"},"content":{"rendered":"<p>13.10.-28.10.2025 Gemeinschaftsausstellung &#8222;Blickpunkt&#8220;\u00a0 im Leine Center Laatzen<\/p>\n<p>2.1.-28.3.2025 Ausstellung im Landesamt f\u00fcr Steuern Niedersachsen,<br \/>Waterloostra\u00dfe 5, 30169 Hannover<\/p>\n<p>5.7.-20.12.2023 Ausstellung im Caf\u00e9 Duo in Peine<\/p>\n<p>2023 &#8222;Die Offene Pforte&#8220; &#8211; G\u00e4rten in und um Hannover<\/p>\n<p>30.10.2022 &#8211; 12.04. 23 &#8222;Kunterbunte Tierwelten&#8220; im Familien Zentrum Stadt Laatzen<\/p>\n<p>17.10.-4.11.2022 Gemeinschaftsausstellung &#8222;Tierisch gut&#8220;\u00a0 im Leine Center Laatzen<\/p>\n<p>11.6.-24.9.2022 &#8222;Kunterbunte Tierwelten&#8220; im SPD B\u00fcrgertreff Sehnde<\/p>\n<p>26.6.2022 &#8222;Kaleidoskop open air&#8220; im Park der Sinne in Laatzen<\/p>\n<p>1.11.2021 bis Januar 2022 &#8222;arthouse im Rathaus&#8220; in Einbeck<\/p>\n<p>13.11.2021 Kunstauktion zugunsten der Arbeit des Kunstkreises Laatzen<\/p>\n<p>4.-15.10.2021 Gemeinschaftsausstellung &#8222;Kontraste&#8220;\u00a0 im Leine Center Laatzen<\/p>\n<p>8.6.-15.10.2021 &#8222;Kunterbunt rund um die Kunst&#8220; Gloria Park AWO GmbH Lehrte<\/p>\n<p>2021 &#8222;Die Offene Pforte&#8220; &#8211; G\u00e4rten in und um Hannover<\/p>\n<p>2020 Corona-Pandemie<\/p>\n<p>15.12.2019 Lebendiger Adventskalender Ilten &#8222;10-j\u00e4hriges Atelier-Jubil\u00e4um&#8220;<\/p>\n<p>3.11.2019 Gemeinschafts-Ausstellung K\u00fcnstler der Stra\u00dfengalerie Lehrte<\/p>\n<p>29.9.-2.11.19 Stra\u00dfengalerie in Lehrte \/ Kunst im Schaufenster<\/p>\n<p>2019 &#8222;Die Offene Pforte&#8220; &#8211; G\u00e4rten in und um Hannover<\/p>\n<p>18.5.2019 4. Generationentag &#8222;Familienstadt Sehnde &#8211; alt, jung &amp; bunt&#8220;<\/p>\n<p>Januar &#8211; Mai 2019 Ausstellung St. Bernward Krankenhaus Hildesheim<\/p>\n<p>1.12.2018 Lebendiger Adventskalender Ilten, \u00dcbergabe Gemeinnschaftskunstwerk<\/p>\n<p>2018 &#8222;Die Offene Pforte&#8220; &#8211; G\u00e4rten in und um Hannover<\/p>\n<p>17.12.2017 Lebendiger Adventskalender Ilten &#8222;Lustig und bunt rund um die Kunst&#8220;<\/p>\n<p>24.9.-22.10.17 Stra\u00dfengalerie in Lehrte \/ Kunst im Schaufenster<\/p>\n<p>26.8.2017 3. Generationentag &#8222;Familienstadt Sehnde &#8211; alt, jung &amp; bunt&#8220;<\/p>\n<p>2017 &#8222;Die Offene Pforte&#8220; &#8211; G\u00e4rten in und um Hannover<\/p>\n<p>12.&amp;13.8.2017 Iltener G(g)estalten &#8211; Kunst aus unserem Dorf Ilten<\/p>\n<p>8.6.2017 ARD Buffet Fernsehbeitrag &#8222;Gartentr\u00e4ume&#8220; aus unserem Garten<\/p>\n<p>9.4.2017 mdr Garten Fernsehbeitrag &#8222;Gartentr\u00e4ume&#8220; aus unserem Garten<\/p>\n<p>2017 &#8222;Hannovers sch\u00f6nste Rundungen&#8220; im FRISCH-HAUS Kirchrode, Hannover<\/p>\n<p>5.3.2017 Fr\u00fchlingserwachen in Lehrte<\/p>\n<p>HOCHZEITSTAGE 2017\u00a0im Congress-Centrum Hannover<\/p>\n<p>13.&amp;14.8.2016 Iltener G(g)estalten &#8211; Kunst aus unserem Dorf Ilten<\/p>\n<p>2016 &#8222;Die Offene Pforte&#8220;-G\u00e4rten in und um Hannover<\/p>\n<p>4.3.-25.5.2016 &#8222;Der Natur auf der Spur&#8220; Gloria Park AWO GmbH Lehrte<\/p>\n<p>12.3.2016 S\u00e4ngerball des Gospelchores &#8222;Swing Low&#8220;\u00a0Lehrte<\/p>\n<p>8.1.-11.3.2016 &#8222;Hannovers sch\u00f6nste Rundungen&#8220; Oberfinanzdirektion Niedersachsen<\/p>\n<p>5.12.2015 Lebendiger Adventskalender Ilten im Atelier, Vorf\u00fchrung + Losverkauf<\/p>\n<p>12.12.2015 Weihnachtsmarkt um die Iltener Barockkirche, Verlosung<\/p>\n<p>25.9.-25.10.15 Stra\u00dfengalerie in Lehrte \/ Kunst im Schaufenster<\/p>\n<p>2015 &#8222;Die Offene Pforte&#8220;-G\u00e4rten in und um Hannover<\/p>\n<p>30.4.-22.5.2015 Volksbank Hauptgesch\u00e4ftsstelle Lehrte<\/p>\n<p>2015 Ausstellung im Caf\u00e9 CappuVino Sehnde<\/p>\n<p>12.\/13. Juli &#8222;Kunst in Bewegung 2014&#8220; Gro\u00dfburgwedel<\/p>\n<p>2014 &#8222;Die Offene Pforte&#8220;-G\u00e4rten in und um Hannover<\/p>\n<p>M\u00e4rz Ausgabe 2014 des Magazins MEIN SCH\u00d6NER GARTEN 4-seitige Reportage<\/p>\n<p>7.2.-25.4.2014 KRH Klinikum Lehrte<\/p>\n<p>Nov.\/Dez. Ausgabe 2013 des Magazins COUNTRY HOMES 6-seitige Reportage<\/p>\n<p>28.9.-27.10.13 Stra\u00dfengalerie in Lehrte \/ Kunst im Schaufenster<\/p>\n<p>2013 &#8222;Die Offene Pforte&#8220;-G\u00e4rten in und um Hannover<\/p>\n<p>21.3.-3.5.2013 Deutsche Rentenversicherung Braunschweig-Hannover<\/p>\n<p>2013-2015 Kunststudium an der Hamburger Akademie<\/p>\n<p>2012 Atelier Umzug nach Ilten<\/p>\n<p>23.\/24. Juni 2012 &#8222;Kunst in Bewegung&#8220; in Gro\u00dfburgwedel<\/p>\n<p>2.\/3. Juli 2011 &#8222;Kunst in Bewegung&#8220; in Gro\u00dfburgwedel<\/p>\n<p>14.1.-29.4.2011 Landwirtschaftliche Sozialversicherung Niedersachsen-Bremen<\/p>\n<p>2009- 2010 Ausstellung im Atelier Lehrte<\/p>\n<p>2009 Er\u00f6ffnung &#8222;Das Himmlische&#8220;-Atelier f\u00fcr junge Kunst, Lehrte<\/p>\n<p>2008 Workshop bei Heidi Gerstner in M\u00fchlheim a.d.Ruhr<\/p>\n<p>Bei\u00a0YouTube\u00a0ist unter folgendem Link ein Filmbeitrag des Senders h1 \/ LOK Lehrte \u00fcber das Atelier und ein Portr\u00e4t \u00fcber mich und die Ausstellungser\u00f6ffnung bei der Deutschen Rentenversicherung zu sehen:<\/p>\n<p><iframe loading=\"lazy\" title=\"Das Himmlische\" width=\"525\" height=\"394\" src=\"https:\/\/www.youtube.com\/embed\/OS6bzQEi7cU?feature=oembed\" frameborder=\"0\" allow=\"accelerometer; autoplay; clipboard-write; encrypted-media; gyroscope; picture-in-picture; web-share\" referrerpolicy=\"strict-origin-when-cross-origin\" allowfullscreen><\/iframe><\/p>\n<p>Bei\u00a0YouTube\u00a0ist unter folgendem Link ein Filmbeitrag\u00a0des Senders h1 \/ LOK Lehrte \/ \u00fcber das erste Atelier in Lehrte und die Entstehung meiner Tuchtechnik zu sehen:<\/p>\n<p><iframe loading=\"lazy\" title=\"Fr\u00fchjahrsausstellung 07.05.2010\" width=\"525\" height=\"394\" src=\"https:\/\/www.youtube.com\/embed\/kdQ7G9BlMGE?feature=oembed\" frameborder=\"0\" allow=\"accelerometer; autoplay; clipboard-write; encrypted-media; gyroscope; picture-in-picture; web-share\" referrerpolicy=\"strict-origin-when-cross-origin\" allowfullscreen><\/iframe><\/p>\n<p><img loading=\"lazy\" class=\"alignnone size-full wp-image-190\" src=\"https:\/\/dashimmlische.de\/wp-content\/uploads\/Fr\u00fchling-in-der-Stadt-Heike-1.jpg\" alt=\"\" width=\"3264\" height=\"2448\" srcset=\"https:\/\/dashimmlische.de\/wp-content\/uploads\/Fr\u00fchling-in-der-Stadt-Heike-1.jpg 3264w, https:\/\/dashimmlische.de\/wp-content\/uploads\/Fr\u00fchling-in-der-Stadt-Heike-1-300x225.jpg 300w, https:\/\/dashimmlische.de\/wp-content\/uploads\/Fr\u00fchling-in-der-Stadt-Heike-1-768x576.jpg 768w, https:\/\/dashimmlische.de\/wp-content\/uploads\/Fr\u00fchling-in-der-Stadt-Heike-1-1024x768.jpg 1024w\" sizes=\"(max-width: 706px) 89vw, (max-width: 767px) 82vw, 740px\" \/><\/p>\n<p style=\"text-align: center;\"><strong>Herzlichst <\/strong><strong>Heike Klar<\/strong><\/p>\n<p style=\"text-align: center;\"><img loading=\"lazy\" class=\"alignnone size-full wp-image-1062\" src=\"https:\/\/dashimmlische.de\/wp-content\/uploads\/DasHimmlische_klein-1.png\" alt=\"\" width=\"100\" height=\"47\" \/><\/p>\n\n\n<p><\/p>\n","protected":false},"excerpt":{"rendered":"<p>13.10.-28.10.2025 Gemeinschaftsausstellung &#8222;Blickpunkt&#8220;\u00a0 im Leine Center Laatzen 2.1.-28.3.2025 Ausstellung im Landesamt f\u00fcr Steuern Niedersachsen,Waterloostra\u00dfe 5, 30169 Hannover 5.7.-20.12.2023 Ausstellung im Caf\u00e9 Duo in Peine 2023 &#8222;Die Offene Pforte&#8220; &#8211; G\u00e4rten in und um Hannover 30.10.2022 &#8211; 12.04. 23 &#8222;Kunterbunte Tierwelten&#8220; im Familien Zentrum Stadt Laatzen 17.10.-4.11.2022 Gemeinschaftsausstellung &#8222;Tierisch gut&#8220;\u00a0 im Leine Center Laatzen 11.6.-24.9.2022 &#8222;Kunterbunte &hellip; <\/p>\n<p class=\"link-more\"><a href=\"https:\/\/dashimmlische.de\/index.php\/vita\/\" class=\"more-link\"><span class=\"screen-reader-text\">\u201eVita\u201c<\/span> weiterlesen<\/a><\/p>\n","protected":false},"author":1,"featured_media":0,"parent":0,"menu_order":0,"comment_status":"closed","ping_status":"closed","template":"","meta":[],"_links":{"self":[{"href":"https:\/\/dashimmlische.de\/index.php\/wp-json\/wp\/v2\/pages\/49"}],"collection":[{"href":"https:\/\/dashimmlische.de\/index.php\/wp-json\/wp\/v2\/pages"}],"about":[{"href":"https:\/\/dashimmlische.de\/index.php\/wp-json\/wp\/v2\/types\/page"}],"author":[{"embeddable":true,"href":"https:\/\/dashimmlische.de\/index.php\/wp-json\/wp\/v2\/users\/1"}],"replies":[{"embeddable":true,"href":"https:\/\/dashimmlische.de\/index.php\/wp-json\/wp\/v2\/comments?post=49"}],"version-history":[{"count":101,"href":"https:\/\/dashimmlische.de\/index.php\/wp-json\/wp\/v2\/pages\/49\/revisions"}],"predecessor-version":[{"id":1533,"href":"https:\/\/dashimmlische.de\/index.php\/wp-json\/wp\/v2\/pages\/49\/revisions\/1533"}],"wp:attachment":[{"href":"https:\/\/dashimmlische.de\/index.php\/wp-json\/wp\/v2\/media?parent=49"}],"curies":[{"name":"wp","href":"https:\/\/api.w.org\/{rel}","templated":true}]}}