{"id":415,"date":"2018-07-11T15:09:29","date_gmt":"2018-07-11T15:09:29","guid":{"rendered":"https:\/\/dashimmlische.de\/?page_id=415"},"modified":"2021-05-07T21:20:59","modified_gmt":"2021-05-07T21:20:59","slug":"nature-in-love","status":"publish","type":"page","link":"https:\/\/dashimmlische.de\/index.php\/nature-in-love\/","title":{"rendered":"nature in love"},"content":{"rendered":"<p style=\"text-align: center;\"><strong>Eine von unz\u00e4hligen vielf\u00e4ltigen Herangehensweisen unterschiedlichster Techniken:<\/strong><\/p>\n<p style=\"text-align: center;\">Selbst angefertigte Schablonen nach dem Vorbild meiner Gartenbl\u00e4tter&#8230;<br><img loading=\"lazy\" class=\"size-full wp-image-885\" style=\"font-weight: bold; color: #666666; font-size: 0.8125rem; font-style: italic;\" src=\"https:\/\/dashimmlische.de\/wp-content\/uploads\/angefertigte-Schablonen.jpg\" alt=\"\" width=\"4160\" height=\"3120\" srcset=\"https:\/\/dashimmlische.de\/wp-content\/uploads\/angefertigte-Schablonen.jpg 4160w, https:\/\/dashimmlische.de\/wp-content\/uploads\/angefertigte-Schablonen-300x225.jpg 300w, https:\/\/dashimmlische.de\/wp-content\/uploads\/angefertigte-Schablonen-768x576.jpg 768w, https:\/\/dashimmlische.de\/wp-content\/uploads\/angefertigte-Schablonen-1024x768.jpg 1024w\" sizes=\"(max-width: 706px) 89vw, (max-width: 767px) 82vw, 740px\" \/><\/p>\n<p style=\"text-align: center;\">Eine Ideen Sammlung aus meinem Skizzenbuch&#8230;<img loading=\"lazy\" class=\"aligncenter wp-image-891 size-full\" src=\"https:\/\/dashimmlische.de\/wp-content\/uploads\/Idee-e1591278200930.jpg\" alt=\"\" width=\"4160\" height=\"3120\" srcset=\"https:\/\/dashimmlische.de\/wp-content\/uploads\/Idee-e1591278200930.jpg 4160w, https:\/\/dashimmlische.de\/wp-content\/uploads\/Idee-e1591278200930-300x225.jpg 300w, https:\/\/dashimmlische.de\/wp-content\/uploads\/Idee-e1591278200930-768x576.jpg 768w, https:\/\/dashimmlische.de\/wp-content\/uploads\/Idee-e1591278200930-1024x768.jpg 1024w\" sizes=\"(max-width: 706px) 89vw, (max-width: 767px) 82vw, 740px\" \/><\/p>\n<p style=\"text-align: center;\">Los geht\u00b4s&#8230;<br><img loading=\"lazy\" class=\"alignnone wp-image-892 size-full\" src=\"https:\/\/dashimmlische.de\/wp-content\/uploads\/los-geht\u00b4s-e1591278232153.jpg\" alt=\"\" width=\"3120\" height=\"4160\" srcset=\"https:\/\/dashimmlische.de\/wp-content\/uploads\/los-geht\u00b4s-e1591278232153.jpg 3120w, https:\/\/dashimmlische.de\/wp-content\/uploads\/los-geht\u00b4s-e1591278232153-225x300.jpg 225w, https:\/\/dashimmlische.de\/wp-content\/uploads\/los-geht\u00b4s-e1591278232153-768x1024.jpg 768w\" sizes=\"(max-width: 706px) 89vw, (max-width: 767px) 82vw, 740px\" \/><\/p>\n<p style=\"text-align: center;\">Vom Suchen und Finden&#8230;<br><img loading=\"lazy\" class=\"alignnone wp-image-894 size-full\" src=\"https:\/\/dashimmlische.de\/wp-content\/uploads\/suchen-und-finden-e1591278253550.jpg\" alt=\"\" width=\"4160\" height=\"3120\" srcset=\"https:\/\/dashimmlische.de\/wp-content\/uploads\/suchen-und-finden-e1591278253550.jpg 4160w, https:\/\/dashimmlische.de\/wp-content\/uploads\/suchen-und-finden-e1591278253550-300x225.jpg 300w, https:\/\/dashimmlische.de\/wp-content\/uploads\/suchen-und-finden-e1591278253550-768x576.jpg 768w, https:\/\/dashimmlische.de\/wp-content\/uploads\/suchen-und-finden-e1591278253550-1024x768.jpg 1024w\" sizes=\"(max-width: 706px) 89vw, (max-width: 767px) 82vw, 740px\" \/><\/p>\n<p style=\"text-align: center;\">Und weiter&#8230;<br><img loading=\"lazy\" class=\"size-full wp-image-895\" style=\"font-weight: bold; color: #666666; font-size: 0.8125rem; font-style: italic;\" src=\"https:\/\/dashimmlische.de\/wp-content\/uploads\/und-weiter.jpg\" alt=\"\" width=\"3120\" height=\"4160\"><\/p>\n<p style=\"text-align: center;\">Es wird&#8230;<br><img loading=\"lazy\" class=\"alignnone wp-image-888 size-full\" src=\"https:\/\/dashimmlische.de\/wp-content\/uploads\/es-wird-e1591278300110.jpg\" alt=\"\" width=\"3120\" height=\"4160\" srcset=\"https:\/\/dashimmlische.de\/wp-content\/uploads\/es-wird-e1591278300110.jpg 3120w, https:\/\/dashimmlische.de\/wp-content\/uploads\/es-wird-e1591278300110-225x300.jpg 225w, https:\/\/dashimmlische.de\/wp-content\/uploads\/es-wird-e1591278300110-768x1024.jpg 768w\" sizes=\"(max-width: 706px) 89vw, (max-width: 767px) 82vw, 740px\" \/><\/p>\n<p style=\"text-align: center;\">Fast fertig&#8230;<br><img loading=\"lazy\" class=\"alignnone wp-image-890 size-full\" src=\"https:\/\/dashimmlische.de\/wp-content\/uploads\/fast-fertig-e1591278326840.jpg\" alt=\"\" width=\"4160\" height=\"3120\" srcset=\"https:\/\/dashimmlische.de\/wp-content\/uploads\/fast-fertig-e1591278326840.jpg 4160w, https:\/\/dashimmlische.de\/wp-content\/uploads\/fast-fertig-e1591278326840-300x225.jpg 300w, https:\/\/dashimmlische.de\/wp-content\/uploads\/fast-fertig-e1591278326840-768x576.jpg 768w, https:\/\/dashimmlische.de\/wp-content\/uploads\/fast-fertig-e1591278326840-1024x768.jpg 1024w\" sizes=\"(max-width: 706px) 89vw, (max-width: 767px) 82vw, 740px\" \/><\/p>\n<p style=\"text-align: center;\"><strong>nature in love&#8230;<\/strong><br><img loading=\"lazy\" class=\"alignnone wp-image-893 size-full\" src=\"https:\/\/dashimmlische.de\/wp-content\/uploads\/nature-in-love-e1591280041854.jpg\" alt=\"\" width=\"4160\" height=\"3120\" srcset=\"https:\/\/dashimmlische.de\/wp-content\/uploads\/nature-in-love-e1591280041854.jpg 4160w, https:\/\/dashimmlische.de\/wp-content\/uploads\/nature-in-love-e1591280041854-300x225.jpg 300w, https:\/\/dashimmlische.de\/wp-content\/uploads\/nature-in-love-e1591280041854-768x576.jpg 768w, https:\/\/dashimmlische.de\/wp-content\/uploads\/nature-in-love-e1591280041854-1024x768.jpg 1024w\" sizes=\"(max-width: 706px) 89vw, (max-width: 767px) 82vw, 740px\" \/><\/p>\n<p><\/p>\n<p style=\"text-align: center;\"><b>Meine Bilder bewegen &#8230;<br>&#8230; denn jedes erz\u00e4hlt seine eigene Geschichte!<\/b><\/p>\n<p><img loading=\"lazy\" class=\"alignnone size-full wp-image-1062 aligncenter\" src=\"https:\/\/dashimmlische.de\/wp-content\/uploads\/DasHimmlische_klein-1.png\" alt=\"\" width=\"100\" height=\"47\"><\/p>\n\n\n<p><\/p>\n","protected":false},"excerpt":{"rendered":"<p>Eine von unz\u00e4hligen vielf\u00e4ltigen Herangehensweisen unterschiedlichster Techniken: Selbst angefertigte Schablonen nach dem Vorbild meiner Gartenbl\u00e4tter&#8230; Eine Ideen Sammlung aus meinem Skizzenbuch&#8230; Los geht\u00b4s&#8230; Vom Suchen und Finden&#8230; Und weiter&#8230; Es wird&#8230; Fast fertig&#8230; nature in love&#8230; Meine Bilder bewegen &#8230;&#8230; denn jedes erz\u00e4hlt seine eigene Geschichte!<\/p>\n","protected":false},"author":2,"featured_media":0,"parent":0,"menu_order":0,"comment_status":"closed","ping_status":"closed","template":"","meta":[],"_links":{"self":[{"href":"https:\/\/dashimmlische.de\/index.php\/wp-json\/wp\/v2\/pages\/415"}],"collection":[{"href":"https:\/\/dashimmlische.de\/index.php\/wp-json\/wp\/v2\/pages"}],"about":[{"href":"https:\/\/dashimmlische.de\/index.php\/wp-json\/wp\/v2\/types\/page"}],"author":[{"embeddable":true,"href":"https:\/\/dashimmlische.de\/index.php\/wp-json\/wp\/v2\/users\/2"}],"replies":[{"embeddable":true,"href":"https:\/\/dashimmlische.de\/index.php\/wp-json\/wp\/v2\/comments?post=415"}],"version-history":[{"count":35,"href":"https:\/\/dashimmlische.de\/index.php\/wp-json\/wp\/v2\/pages\/415\/revisions"}],"predecessor-version":[{"id":1175,"href":"https:\/\/dashimmlische.de\/index.php\/wp-json\/wp\/v2\/pages\/415\/revisions\/1175"}],"wp:attachment":[{"href":"https:\/\/dashimmlische.de\/index.php\/wp-json\/wp\/v2\/media?parent=415"}],"curies":[{"name":"wp","href":"https:\/\/api.w.org\/{rel}","templated":true}]}}