{"id":291,"date":"2018-07-10T17:28:26","date_gmt":"2018-07-10T17:28:26","guid":{"rendered":"https:\/\/dashimmlische.de\/?page_id=291"},"modified":"2021-04-13T15:51:00","modified_gmt":"2021-04-13T15:51:00","slug":"hannovers-schoenste-rundungen","status":"publish","type":"page","link":"https:\/\/dashimmlische.de\/index.php\/hannovers-schoenste-rundungen\/","title":{"rendered":"Hannover\u00b4s Rundungen"},"content":{"rendered":"<p style=\"text-align: center;\"><b>Meine Bilder bewegen &#8230;<br \/>\n&#8230; denn jedes erz\u00e4hlt seine eigene Geschichte!<\/b><\/p>\n<p style=\"text-align: center;\"><img loading=\"lazy\" class=\"size-full wp-image-191 aligncenter\" src=\"https:\/\/dashimmlische.de\/wp-content\/uploads\/Fr\u00fchling-in-der-Stadt.jpg\" alt=\"\" width=\"3264\" height=\"2448\" srcset=\"https:\/\/dashimmlische.de\/wp-content\/uploads\/Fr\u00fchling-in-der-Stadt.jpg 3264w, https:\/\/dashimmlische.de\/wp-content\/uploads\/Fr\u00fchling-in-der-Stadt-300x225.jpg 300w, https:\/\/dashimmlische.de\/wp-content\/uploads\/Fr\u00fchling-in-der-Stadt-768x576.jpg 768w, https:\/\/dashimmlische.de\/wp-content\/uploads\/Fr\u00fchling-in-der-Stadt-1024x768.jpg 1024w\" sizes=\"(max-width: 706px) 89vw, (max-width: 767px) 82vw, 740px\" \/><\/p>\n<p><img loading=\"lazy\" class=\"size-full wp-image-272 aligncenter\" src=\"https:\/\/dashimmlische.de\/wp-content\/uploads\/Vor-dem-Museum.jpg\" alt=\"\" width=\"3264\" height=\"2448\" srcset=\"https:\/\/dashimmlische.de\/wp-content\/uploads\/Vor-dem-Museum.jpg 3264w, https:\/\/dashimmlische.de\/wp-content\/uploads\/Vor-dem-Museum-300x225.jpg 300w, https:\/\/dashimmlische.de\/wp-content\/uploads\/Vor-dem-Museum-768x576.jpg 768w, https:\/\/dashimmlische.de\/wp-content\/uploads\/Vor-dem-Museum-1024x768.jpg 1024w\" sizes=\"(max-width: 706px) 89vw, (max-width: 767px) 82vw, 740px\" \/><\/p>\n<p><img loading=\"lazy\" class=\"size-full wp-image-228 aligncenter\" src=\"https:\/\/dashimmlische.de\/wp-content\/uploads\/Liebeserkl\u00e4rung-an-Hannover-I.jpg\" alt=\"\" width=\"3264\" height=\"2448\" srcset=\"https:\/\/dashimmlische.de\/wp-content\/uploads\/Liebeserkl\u00e4rung-an-Hannover-I.jpg 3264w, https:\/\/dashimmlische.de\/wp-content\/uploads\/Liebeserkl\u00e4rung-an-Hannover-I-300x225.jpg 300w, https:\/\/dashimmlische.de\/wp-content\/uploads\/Liebeserkl\u00e4rung-an-Hannover-I-768x576.jpg 768w, https:\/\/dashimmlische.de\/wp-content\/uploads\/Liebeserkl\u00e4rung-an-Hannover-I-1024x768.jpg 1024w\" sizes=\"(max-width: 706px) 89vw, (max-width: 767px) 82vw, 740px\" \/><\/p>\n<p><img loading=\"lazy\" class=\"size-full wp-image-229 aligncenter\" src=\"https:\/\/dashimmlische.de\/wp-content\/uploads\/Liebeserkl\u00e4rung-an-Hannover-II.jpg\" alt=\"\" width=\"3264\" height=\"2448\" srcset=\"https:\/\/dashimmlische.de\/wp-content\/uploads\/Liebeserkl\u00e4rung-an-Hannover-II.jpg 3264w, https:\/\/dashimmlische.de\/wp-content\/uploads\/Liebeserkl\u00e4rung-an-Hannover-II-300x225.jpg 300w, https:\/\/dashimmlische.de\/wp-content\/uploads\/Liebeserkl\u00e4rung-an-Hannover-II-768x576.jpg 768w, https:\/\/dashimmlische.de\/wp-content\/uploads\/Liebeserkl\u00e4rung-an-Hannover-II-1024x768.jpg 1024w\" sizes=\"(max-width: 706px) 89vw, (max-width: 767px) 82vw, 740px\" \/><\/p>\n<p><img loading=\"lazy\" class=\"size-full wp-image-207 aligncenter\" src=\"https:\/\/dashimmlische.de\/wp-content\/uploads\/Gro\u00dfes-Tier-beim-kleinen-Fest.jpg\" alt=\"\" width=\"2448\" height=\"3264\" srcset=\"https:\/\/dashimmlische.de\/wp-content\/uploads\/Gro\u00dfes-Tier-beim-kleinen-Fest.jpg 2448w, https:\/\/dashimmlische.de\/wp-content\/uploads\/Gro\u00dfes-Tier-beim-kleinen-Fest-225x300.jpg 225w, https:\/\/dashimmlische.de\/wp-content\/uploads\/Gro\u00dfes-Tier-beim-kleinen-Fest-768x1024.jpg 768w\" sizes=\"(max-width: 706px) 89vw, (max-width: 767px) 82vw, 740px\" \/><\/p>\n<p><img loading=\"lazy\" class=\"size-full wp-image-242 aligncenter\" src=\"https:\/\/dashimmlische.de\/wp-content\/uploads\/Oper.jpg\" alt=\"\" width=\"3264\" height=\"2448\" srcset=\"https:\/\/dashimmlische.de\/wp-content\/uploads\/Oper.jpg 3264w, https:\/\/dashimmlische.de\/wp-content\/uploads\/Oper-300x225.jpg 300w, https:\/\/dashimmlische.de\/wp-content\/uploads\/Oper-768x576.jpg 768w, https:\/\/dashimmlische.de\/wp-content\/uploads\/Oper-1024x768.jpg 1024w\" sizes=\"(max-width: 706px) 89vw, (max-width: 767px) 82vw, 740px\" \/><\/p>\n<p><img loading=\"lazy\" class=\"size-full wp-image-244 aligncenter\" src=\"https:\/\/dashimmlische.de\/wp-content\/uploads\/Palast.jpg\" alt=\"\" width=\"3264\" height=\"2448\" srcset=\"https:\/\/dashimmlische.de\/wp-content\/uploads\/Palast.jpg 3264w, https:\/\/dashimmlische.de\/wp-content\/uploads\/Palast-300x225.jpg 300w, https:\/\/dashimmlische.de\/wp-content\/uploads\/Palast-768x576.jpg 768w, https:\/\/dashimmlische.de\/wp-content\/uploads\/Palast-1024x768.jpg 1024w\" sizes=\"(max-width: 706px) 89vw, (max-width: 767px) 82vw, 740px\" \/><\/p>\n<p><img loading=\"lazy\" class=\"size-full wp-image-234 aligncenter\" src=\"https:\/\/dashimmlische.de\/wp-content\/uploads\/L\u00f6wen-Bastion.jpg\" alt=\"\" width=\"3264\" height=\"2448\" srcset=\"https:\/\/dashimmlische.de\/wp-content\/uploads\/L\u00f6wen-Bastion.jpg 3264w, https:\/\/dashimmlische.de\/wp-content\/uploads\/L\u00f6wen-Bastion-300x225.jpg 300w, https:\/\/dashimmlische.de\/wp-content\/uploads\/L\u00f6wen-Bastion-768x576.jpg 768w, https:\/\/dashimmlische.de\/wp-content\/uploads\/L\u00f6wen-Bastion-1024x768.jpg 1024w\" sizes=\"(max-width: 706px) 89vw, (max-width: 767px) 82vw, 740px\" \/><\/p>\n<p><img loading=\"lazy\" class=\"size-full wp-image-258 aligncenter\" src=\"https:\/\/dashimmlische.de\/wp-content\/uploads\/Stadthalle.jpg\" alt=\"\" width=\"3264\" height=\"2448\" srcset=\"https:\/\/dashimmlische.de\/wp-content\/uploads\/Stadthalle.jpg 3264w, https:\/\/dashimmlische.de\/wp-content\/uploads\/Stadthalle-300x225.jpg 300w, https:\/\/dashimmlische.de\/wp-content\/uploads\/Stadthalle-768x576.jpg 768w, https:\/\/dashimmlische.de\/wp-content\/uploads\/Stadthalle-1024x768.jpg 1024w\" sizes=\"(max-width: 706px) 89vw, (max-width: 767px) 82vw, 740px\" \/><\/p>\n<p><img loading=\"lazy\" class=\"size-full wp-image-226 aligncenter\" src=\"https:\/\/dashimmlische.de\/wp-content\/uploads\/Lehrte.jpg\" alt=\"\" width=\"2448\" height=\"3264\" srcset=\"https:\/\/dashimmlische.de\/wp-content\/uploads\/Lehrte.jpg 2448w, https:\/\/dashimmlische.de\/wp-content\/uploads\/Lehrte-225x300.jpg 225w, https:\/\/dashimmlische.de\/wp-content\/uploads\/Lehrte-768x1024.jpg 768w\" sizes=\"(max-width: 706px) 89vw, (max-width: 767px) 82vw, 740px\" \/><\/p>\n<p><img loading=\"lazy\" class=\"size-full wp-image-170 aligncenter\" src=\"https:\/\/dashimmlische.de\/wp-content\/uploads\/Br\u00fccke-am-Maschteich-1.jpg\" alt=\"\" width=\"3264\" height=\"2448\" srcset=\"https:\/\/dashimmlische.de\/wp-content\/uploads\/Br\u00fccke-am-Maschteich-1.jpg 3264w, https:\/\/dashimmlische.de\/wp-content\/uploads\/Br\u00fccke-am-Maschteich-1-300x225.jpg 300w, https:\/\/dashimmlische.de\/wp-content\/uploads\/Br\u00fccke-am-Maschteich-1-768x576.jpg 768w, https:\/\/dashimmlische.de\/wp-content\/uploads\/Br\u00fccke-am-Maschteich-1-1024x768.jpg 1024w\" sizes=\"(max-width: 706px) 89vw, (max-width: 767px) 82vw, 740px\" \/><\/p>\n<p><img loading=\"lazy\" class=\"size-full wp-image-186 aligncenter\" src=\"https:\/\/dashimmlische.de\/wp-content\/uploads\/Flohmarkt-am-Leineufer.jpg\" alt=\"\" width=\"3264\" height=\"2448\" srcset=\"https:\/\/dashimmlische.de\/wp-content\/uploads\/Flohmarkt-am-Leineufer.jpg 3264w, https:\/\/dashimmlische.de\/wp-content\/uploads\/Flohmarkt-am-Leineufer-300x225.jpg 300w, https:\/\/dashimmlische.de\/wp-content\/uploads\/Flohmarkt-am-Leineufer-768x576.jpg 768w, https:\/\/dashimmlische.de\/wp-content\/uploads\/Flohmarkt-am-Leineufer-1024x768.jpg 1024w\" sizes=\"(max-width: 706px) 89vw, (max-width: 767px) 82vw, 740px\" \/><\/p>\n<p><img loading=\"lazy\" class=\"size-full wp-image-171 aligncenter\" src=\"https:\/\/dashimmlische.de\/wp-content\/uploads\/Demeter.jpg\" alt=\"\" width=\"2448\" height=\"3264\" srcset=\"https:\/\/dashimmlische.de\/wp-content\/uploads\/Demeter.jpg 2448w, https:\/\/dashimmlische.de\/wp-content\/uploads\/Demeter-225x300.jpg 225w, https:\/\/dashimmlische.de\/wp-content\/uploads\/Demeter-768x1024.jpg 768w\" sizes=\"(max-width: 706px) 89vw, (max-width: 767px) 82vw, 740px\" \/><\/p>\n<p style=\"text-align: center;\"><img loading=\"lazy\" class=\"size-full wp-image-256 aligncenter\" src=\"https:\/\/dashimmlische.de\/wp-content\/uploads\/Sehnde.jpg\" alt=\"\" width=\"3264\" height=\"2448\" srcset=\"https:\/\/dashimmlische.de\/wp-content\/uploads\/Sehnde.jpg 3264w, https:\/\/dashimmlische.de\/wp-content\/uploads\/Sehnde-300x225.jpg 300w, https:\/\/dashimmlische.de\/wp-content\/uploads\/Sehnde-768x576.jpg 768w, https:\/\/dashimmlische.de\/wp-content\/uploads\/Sehnde-1024x768.jpg 1024w\" sizes=\"(max-width: 706px) 89vw, (max-width: 767px) 82vw, 740px\" \/>Liebeserkl\u00e4rung an Sehnde<\/p>\n<p style=\"text-align: center;\"><img loading=\"lazy\" class=\"alignnone size-full wp-image-226\" src=\"https:\/\/dashimmlische.de\/wp-content\/uploads\/Lehrte.jpg\" alt=\"\" width=\"2448\" height=\"3264\" srcset=\"https:\/\/dashimmlische.de\/wp-content\/uploads\/Lehrte.jpg 2448w, https:\/\/dashimmlische.de\/wp-content\/uploads\/Lehrte-225x300.jpg 225w, https:\/\/dashimmlische.de\/wp-content\/uploads\/Lehrte-768x1024.jpg 768w\" sizes=\"(max-width: 706px) 89vw, (max-width: 767px) 82vw, 740px\" \/>Liebeserkl\u00e4rung an Lehrte<\/p>\n<p style=\"text-align: center;\"><img loading=\"lazy\" class=\"size-full wp-image-169 alignnone\" src=\"https:\/\/dashimmlische.de\/wp-content\/uploads\/Bremerhaven-Schiffdorf.jpg\" alt=\"\" width=\"3264\" height=\"2448\" srcset=\"https:\/\/dashimmlische.de\/wp-content\/uploads\/Bremerhaven-Schiffdorf.jpg 3264w, https:\/\/dashimmlische.de\/wp-content\/uploads\/Bremerhaven-Schiffdorf-300x225.jpg 300w, https:\/\/dashimmlische.de\/wp-content\/uploads\/Bremerhaven-Schiffdorf-768x576.jpg 768w, https:\/\/dashimmlische.de\/wp-content\/uploads\/Bremerhaven-Schiffdorf-1024x768.jpg 1024w\" sizes=\"(max-width: 706px) 89vw, (max-width: 767px) 82vw, 740px\" \/><br \/>\nLiebeserkl\u00e4rung an Bremerhaven &amp; Schiffdorf<\/p>\n<p><img loading=\"lazy\" class=\"size-full wp-image-190 aligncenter\" src=\"https:\/\/dashimmlische.de\/wp-content\/uploads\/Fr\u00fchling-in-der-Stadt-Heike-1.jpg\" alt=\"\" width=\"3264\" height=\"2448\" srcset=\"https:\/\/dashimmlische.de\/wp-content\/uploads\/Fr\u00fchling-in-der-Stadt-Heike-1.jpg 3264w, https:\/\/dashimmlische.de\/wp-content\/uploads\/Fr\u00fchling-in-der-Stadt-Heike-1-300x225.jpg 300w, https:\/\/dashimmlische.de\/wp-content\/uploads\/Fr\u00fchling-in-der-Stadt-Heike-1-768x576.jpg 768w, https:\/\/dashimmlische.de\/wp-content\/uploads\/Fr\u00fchling-in-der-Stadt-Heike-1-1024x768.jpg 1024w\" sizes=\"(max-width: 706px) 89vw, (max-width: 767px) 82vw, 740px\" \/><\/p>\n<p><img loading=\"lazy\" class=\"alignnone size-full wp-image-1062 aligncenter\" src=\"https:\/\/dashimmlische.de\/wp-content\/uploads\/DasHimmlische_klein-1.png\" alt=\"\" width=\"100\" height=\"47\" \/><\/p>\n","protected":false},"excerpt":{"rendered":"<p>Meine Bilder bewegen &#8230; &#8230; denn jedes erz\u00e4hlt seine eigene Geschichte! Liebeserkl\u00e4rung an Sehnde Liebeserkl\u00e4rung an Lehrte Liebeserkl\u00e4rung an Bremerhaven &amp; Schiffdorf<\/p>\n","protected":false},"author":2,"featured_media":0,"parent":0,"menu_order":0,"comment_status":"closed","ping_status":"closed","template":"","meta":[],"_links":{"self":[{"href":"https:\/\/dashimmlische.de\/index.php\/wp-json\/wp\/v2\/pages\/291"}],"collection":[{"href":"https:\/\/dashimmlische.de\/index.php\/wp-json\/wp\/v2\/pages"}],"about":[{"href":"https:\/\/dashimmlische.de\/index.php\/wp-json\/wp\/v2\/types\/page"}],"author":[{"embeddable":true,"href":"https:\/\/dashimmlische.de\/index.php\/wp-json\/wp\/v2\/users\/2"}],"replies":[{"embeddable":true,"href":"https:\/\/dashimmlische.de\/index.php\/wp-json\/wp\/v2\/comments?post=291"}],"version-history":[{"count":18,"href":"https:\/\/dashimmlische.de\/index.php\/wp-json\/wp\/v2\/pages\/291\/revisions"}],"predecessor-version":[{"id":1102,"href":"https:\/\/dashimmlische.de\/index.php\/wp-json\/wp\/v2\/pages\/291\/revisions\/1102"}],"wp:attachment":[{"href":"https:\/\/dashimmlische.de\/index.php\/wp-json\/wp\/v2\/media?parent=291"}],"curies":[{"name":"wp","href":"https:\/\/api.w.org\/{rel}","templated":true}]}}