{"id":286,"date":"2018-07-10T17:21:31","date_gmt":"2018-07-10T17:21:31","guid":{"rendered":"https:\/\/dashimmlische.de\/?page_id=286"},"modified":"2021-04-13T15:49:52","modified_gmt":"2021-04-13T15:49:52","slug":"gemeinschafts-kunstwerke","status":"publish","type":"page","link":"https:\/\/dashimmlische.de\/index.php\/gemeinschafts-kunstwerke\/","title":{"rendered":"Gemeinschafts-Kunstwerke"},"content":{"rendered":"<p style=\"text-align: center;\"><b>Ihr individuelles Gemeinschafts-Kunstwerk!<br \/>\n<\/b>Als freischaffende K\u00fcnstlerin gestalte ich Ihr ganz pers\u00f6nliches Acrylbild\u2026auch als Geschenk. Gern zeige ich kompakt und anschaulich, wie ein Bild mit ganz allt\u00e4glichen Gebrauchsgegenst\u00e4nden entstehen kann, bevor alle kreativ ans Werk gehen. Den Feinschliff erh\u00e4lt das Werk dann im Atelier, bevor es \u00fcberreicht&#8230;oder verschenkt&#8230;oder versteigert wird&#8230;<\/p>\n<p style=\"text-align: center;\"><img loading=\"lazy\" class=\"alignnone size-full wp-image-262\" src=\"https:\/\/dashimmlische.de\/wp-content\/uploads\/T\u00fcrchen-17-Entstehung.jpg\" alt=\"\" width=\"1000\" height=\"667\" srcset=\"https:\/\/dashimmlische.de\/wp-content\/uploads\/T\u00fcrchen-17-Entstehung.jpg 1000w, https:\/\/dashimmlische.de\/wp-content\/uploads\/T\u00fcrchen-17-Entstehung-300x200.jpg 300w, https:\/\/dashimmlische.de\/wp-content\/uploads\/T\u00fcrchen-17-Entstehung-768x512.jpg 768w\" sizes=\"(max-width: 706px) 89vw, (max-width: 767px) 82vw, 740px\" \/>Entstehung&#8230;<\/p>\n<p style=\"text-align: center;\"><img loading=\"lazy\" class=\"alignnone size-full wp-image-263\" src=\"https:\/\/dashimmlische.de\/wp-content\/uploads\/T\u00fcrchen-17-vorher.jpg\" alt=\"\" width=\"1000\" height=\"668\" srcset=\"https:\/\/dashimmlische.de\/wp-content\/uploads\/T\u00fcrchen-17-vorher.jpg 1000w, https:\/\/dashimmlische.de\/wp-content\/uploads\/T\u00fcrchen-17-vorher-300x200.jpg 300w, https:\/\/dashimmlische.de\/wp-content\/uploads\/T\u00fcrchen-17-vorher-768x513.jpg 768w\" sizes=\"(max-width: 706px) 89vw, (max-width: 767px) 82vw, 740px\" \/>&#8230;vorher&#8230;<\/p>\n<p style=\"text-align: center;\"><img loading=\"lazy\" class=\"alignnone size-full wp-image-264\" src=\"https:\/\/dashimmlische.de\/wp-content\/uploads\/T\u00fcrchen-17.jpg\" alt=\"\" width=\"3264\" height=\"2448\" srcset=\"https:\/\/dashimmlische.de\/wp-content\/uploads\/T\u00fcrchen-17.jpg 3264w, https:\/\/dashimmlische.de\/wp-content\/uploads\/T\u00fcrchen-17-300x225.jpg 300w, https:\/\/dashimmlische.de\/wp-content\/uploads\/T\u00fcrchen-17-768x576.jpg 768w, https:\/\/dashimmlische.de\/wp-content\/uploads\/T\u00fcrchen-17-1024x768.jpg 1024w\" sizes=\"(max-width: 706px) 89vw, (max-width: 767px) 82vw, 740px\" \/>&#8230;nachher!<br \/>\nDieses Kunstwerk kann im Gemeindeb\u00fcro in Ilten bewundert werden \ud83d\ude42<\/p>\n<p style=\"text-align: center;\"><strong>Gemeinschafts-Kunstwerk aller Kunst-Kurs-Kinder<\/strong><\/p>\n<p style=\"text-align: center;\"><img loading=\"lazy\" class=\"alignnone size-full wp-image-543\" src=\"https:\/\/dashimmlische.de\/wp-content\/uploads\/Herz-der-Mutter-vorher.jpg\" alt=\"\" width=\"3264\" height=\"2448\" srcset=\"https:\/\/dashimmlische.de\/wp-content\/uploads\/Herz-der-Mutter-vorher.jpg 3264w, https:\/\/dashimmlische.de\/wp-content\/uploads\/Herz-der-Mutter-vorher-300x225.jpg 300w, https:\/\/dashimmlische.de\/wp-content\/uploads\/Herz-der-Mutter-vorher-768x576.jpg 768w, https:\/\/dashimmlische.de\/wp-content\/uploads\/Herz-der-Mutter-vorher-1024x768.jpg 1024w\" sizes=\"(max-width: 706px) 89vw, (max-width: 767px) 82vw, 740px\" \/><br \/>\nVorher&#8230;<\/p>\n<p style=\"text-align: center;\"><img loading=\"lazy\" class=\"alignnone size-full wp-image-209\" src=\"https:\/\/dashimmlische.de\/wp-content\/uploads\/Herz-der-Mutter-1-1.jpg\" alt=\"\" width=\"3264\" height=\"2448\" srcset=\"https:\/\/dashimmlische.de\/wp-content\/uploads\/Herz-der-Mutter-1-1.jpg 3264w, https:\/\/dashimmlische.de\/wp-content\/uploads\/Herz-der-Mutter-1-1-300x225.jpg 300w, https:\/\/dashimmlische.de\/wp-content\/uploads\/Herz-der-Mutter-1-1-768x576.jpg 768w, https:\/\/dashimmlische.de\/wp-content\/uploads\/Herz-der-Mutter-1-1-1024x768.jpg 1024w\" sizes=\"(max-width: 706px) 89vw, (max-width: 767px) 82vw, 740px\" \/><br \/>\n&#8230;nachher!<br \/>\nDieses Kunstwerk kann im Atelier in Ilten bewundert werden \ud83d\ude42<\/p>\n<p style=\"text-align: center;\"><strong>Gemeinschafts-Kunstwerk aller Gartenbesucher<br \/>\n<\/strong><strong> beim\u00a0 &#8222;1. Rendezvous im Garten 2018&#8220;\u00a0<\/strong><\/p>\n<p style=\"text-align: center;\"><img loading=\"lazy\" class=\"alignnone size-full wp-image-565\" src=\"https:\/\/dashimmlische.de\/wp-content\/uploads\/Garten-GemeinschaftsKunstwerk-vorher.jpg\" alt=\"\" width=\"3264\" height=\"2448\" srcset=\"https:\/\/dashimmlische.de\/wp-content\/uploads\/Garten-GemeinschaftsKunstwerk-vorher.jpg 3264w, https:\/\/dashimmlische.de\/wp-content\/uploads\/Garten-GemeinschaftsKunstwerk-vorher-300x225.jpg 300w, https:\/\/dashimmlische.de\/wp-content\/uploads\/Garten-GemeinschaftsKunstwerk-vorher-768x576.jpg 768w, https:\/\/dashimmlische.de\/wp-content\/uploads\/Garten-GemeinschaftsKunstwerk-vorher-1024x768.jpg 1024w\" sizes=\"(max-width: 706px) 89vw, (max-width: 767px) 82vw, 740px\" \/><br \/>\nVorher&#8230;<\/p>\n<p style=\"text-align: center;\"><img loading=\"lazy\" class=\"alignnone wp-image-564 size-full\" src=\"https:\/\/dashimmlische.de\/wp-content\/uploads\/Garten-GemeinschaftsKunstwerk-nachher-e1590252174224.jpg\" alt=\"\" width=\"3264\" height=\"2448\" srcset=\"https:\/\/dashimmlische.de\/wp-content\/uploads\/Garten-GemeinschaftsKunstwerk-nachher-e1590252174224.jpg 3264w, https:\/\/dashimmlische.de\/wp-content\/uploads\/Garten-GemeinschaftsKunstwerk-nachher-e1590252174224-300x225.jpg 300w, https:\/\/dashimmlische.de\/wp-content\/uploads\/Garten-GemeinschaftsKunstwerk-nachher-e1590252174224-768x576.jpg 768w, https:\/\/dashimmlische.de\/wp-content\/uploads\/Garten-GemeinschaftsKunstwerk-nachher-e1590252174224-1024x768.jpg 1024w\" sizes=\"(max-width: 706px) 89vw, (max-width: 767px) 82vw, 740px\" \/>&#8230;nachher!<br \/>\nDieses Kunstwerk ist gegen eine wohlt\u00e4tige Spende zugunsten<br \/>\n&#8222;Hilfe f\u00fcr unsere Kinder &#8211; Projekt Zukunftsgarten Steinwedel&#8220;<br \/>\nan eine Familie in den Privatbesitz \u00fcber gegangen \ud83d\ude42<\/p>\n<p style=\"text-align: center;\"><strong>Gemeinschafts-Kunstwerk aller Besucher\u00a0<\/strong><strong>des 4.Generationentages<br \/>\nam 18. Mai 2019 in Sehnde<\/strong><\/p>\n<p style=\"text-align: center;\"><img loading=\"lazy\" class=\"size-full wp-image-658\" src=\"https:\/\/dashimmlische.de\/wp-content\/uploads\/Gem.-Werk-Sehnde-Vorher.jpg\" alt=\"\" width=\"4160\" height=\"3120\" srcset=\"https:\/\/dashimmlische.de\/wp-content\/uploads\/Gem.-Werk-Sehnde-Vorher.jpg 4160w, https:\/\/dashimmlische.de\/wp-content\/uploads\/Gem.-Werk-Sehnde-Vorher-300x225.jpg 300w, https:\/\/dashimmlische.de\/wp-content\/uploads\/Gem.-Werk-Sehnde-Vorher-768x576.jpg 768w, https:\/\/dashimmlische.de\/wp-content\/uploads\/Gem.-Werk-Sehnde-Vorher-1024x768.jpg 1024w\" sizes=\"(max-width: 706px) 89vw, (max-width: 767px) 82vw, 740px\" \/>Vorher&#8230;<\/p>\n<p style=\"text-align: center;\"><img loading=\"lazy\" class=\"size-full wp-image-659\" src=\"https:\/\/dashimmlische.de\/wp-content\/uploads\/Gem-Werk-Sehnde-Nachher-e1562485362625.jpg\" alt=\"\" width=\"4160\" height=\"3120\" srcset=\"https:\/\/dashimmlische.de\/wp-content\/uploads\/Gem-Werk-Sehnde-Nachher-e1562485362625.jpg 4160w, https:\/\/dashimmlische.de\/wp-content\/uploads\/Gem-Werk-Sehnde-Nachher-e1562485362625-300x225.jpg 300w, https:\/\/dashimmlische.de\/wp-content\/uploads\/Gem-Werk-Sehnde-Nachher-e1562485362625-768x576.jpg 768w, https:\/\/dashimmlische.de\/wp-content\/uploads\/Gem-Werk-Sehnde-Nachher-e1562485362625-1024x768.jpg 1024w\" sizes=\"(max-width: 706px) 89vw, (max-width: 767px) 82vw, 740px\" \/>&#8230;nachher!<br \/>\nDieses Kunstwerk kann im Rathaus in Sehnde bewundert werden \ud83d\ude42<\/p>\n<p style=\"text-align: center;\"><strong>Gemeinschafts-Kunstwerk aller Besucher von best labels<\/strong><br \/>\n<strong> unter dem Motto &#8222;fashion meets art&#8220; <\/strong><br \/>\n<strong>anl\u00e4sslich der 8. Lehrter Stra\u00dfengalerie &#8222;Kunst im Schaufenster&#8220; <\/strong><br \/>\n<strong>am Sonntag, 29. September 2019\u00a0<\/strong><\/p>\n<p><img loading=\"lazy\" class=\"size-full wp-image-697\" src=\"https:\/\/dashimmlische.de\/wp-content\/uploads\/best-labels-vorher.jpg\" alt=\"\" width=\"3120\" height=\"4160\" srcset=\"https:\/\/dashimmlische.de\/wp-content\/uploads\/best-labels-vorher.jpg 3120w, https:\/\/dashimmlische.de\/wp-content\/uploads\/best-labels-vorher-225x300.jpg 225w, https:\/\/dashimmlische.de\/wp-content\/uploads\/best-labels-vorher-768x1024.jpg 768w\" sizes=\"(max-width: 706px) 89vw, (max-width: 767px) 82vw, 740px\" \/><\/p>\n<p style=\"text-align: center;\">Vorher&#8230;<\/p>\n<p><img loading=\"lazy\" class=\" wp-image-696\" src=\"https:\/\/dashimmlische.de\/wp-content\/uploads\/best-labels-nachher-.jpg\" alt=\"\" width=\"3120\" height=\"4160\" srcset=\"https:\/\/dashimmlische.de\/wp-content\/uploads\/best-labels-nachher-.jpg 3120w, https:\/\/dashimmlische.de\/wp-content\/uploads\/best-labels-nachher--225x300.jpg 225w, https:\/\/dashimmlische.de\/wp-content\/uploads\/best-labels-nachher--768x1024.jpg 768w\" sizes=\"(max-width: 706px) 89vw, (max-width: 767px) 82vw, 740px\" \/><\/p>\n<p style=\"text-align: center;\">&#8230;nachher!<br \/>\nDieses Kunstwerk kann bei best labels in Lehrte bewundert werden \ud83d\ude42<\/p>\n<p style=\"text-align: center;\"><b>Eine wunderbar himmlische Erinnerung!<\/b><\/p>\n<p><img loading=\"lazy\" class=\"alignnone size-full wp-image-1062 aligncenter\" src=\"https:\/\/dashimmlische.de\/wp-content\/uploads\/DasHimmlische_klein-1.png\" alt=\"\" width=\"100\" height=\"47\" \/><\/p>\n","protected":false},"excerpt":{"rendered":"<p>Ihr individuelles Gemeinschafts-Kunstwerk! Als freischaffende K\u00fcnstlerin gestalte ich Ihr ganz pers\u00f6nliches Acrylbild\u2026auch als Geschenk. Gern zeige ich kompakt und anschaulich, wie ein Bild mit ganz allt\u00e4glichen Gebrauchsgegenst\u00e4nden entstehen kann, bevor alle kreativ ans Werk gehen. Den Feinschliff erh\u00e4lt das Werk dann im Atelier, bevor es \u00fcberreicht&#8230;oder verschenkt&#8230;oder versteigert wird&#8230; Entstehung&#8230; &#8230;vorher&#8230; &#8230;nachher! Dieses Kunstwerk kann &hellip; <\/p>\n<p class=\"link-more\"><a href=\"https:\/\/dashimmlische.de\/index.php\/gemeinschafts-kunstwerke\/\" class=\"more-link\"><span class=\"screen-reader-text\">\u201eGemeinschafts-Kunstwerke\u201c<\/span> weiterlesen<\/a><\/p>\n","protected":false},"author":2,"featured_media":0,"parent":0,"menu_order":0,"comment_status":"closed","ping_status":"closed","template":"","meta":[],"_links":{"self":[{"href":"https:\/\/dashimmlische.de\/index.php\/wp-json\/wp\/v2\/pages\/286"}],"collection":[{"href":"https:\/\/dashimmlische.de\/index.php\/wp-json\/wp\/v2\/pages"}],"about":[{"href":"https:\/\/dashimmlische.de\/index.php\/wp-json\/wp\/v2\/types\/page"}],"author":[{"embeddable":true,"href":"https:\/\/dashimmlische.de\/index.php\/wp-json\/wp\/v2\/users\/2"}],"replies":[{"embeddable":true,"href":"https:\/\/dashimmlische.de\/index.php\/wp-json\/wp\/v2\/comments?post=286"}],"version-history":[{"count":18,"href":"https:\/\/dashimmlische.de\/index.php\/wp-json\/wp\/v2\/pages\/286\/revisions"}],"predecessor-version":[{"id":1100,"href":"https:\/\/dashimmlische.de\/index.php\/wp-json\/wp\/v2\/pages\/286\/revisions\/1100"}],"wp:attachment":[{"href":"https:\/\/dashimmlische.de\/index.php\/wp-json\/wp\/v2\/media?parent=286"}],"curies":[{"name":"wp","href":"https:\/\/api.w.org\/{rel}","templated":true}]}}