{"id":2,"date":"2018-07-01T14:47:17","date_gmt":"2018-07-01T14:47:17","guid":{"rendered":"http:\/\/54.37.75.198\/?page_id=2"},"modified":"2025-10-01T10:32:18","modified_gmt":"2025-10-01T10:32:18","slug":"sample-page","status":"publish","type":"page","link":"https:\/\/dashimmlische.de\/","title":{"rendered":"Start"},"content":{"rendered":"<p style=\"text-align: center;\"><b>Herzlich Willkommen<br \/>\nund<br \/>\nherzliche Einladung<br \/>\nzu meiner aktuellen\u00a0 Gemeinschaftsausstellung<br \/>\n&#8222;Blickpunkt&#8220;<br \/>\nim Leine Center Laatzen,<br \/>\nAlbert-Schweitzer-Stra\u00dfe 10, 30880 Laatzen<br \/>\nvom 13.10. &#8211; 28.10.2025<\/b><\/p>\n<p style=\"text-align: center;\">Der Kunstkreis Laatzen e.V. und die Werbegemeinschaft Leine-Center Laatzen schreiben gemeinsam den Kunstpreis zum Thema &#8222;Blickpunkt&#8220; aus. Der 1. und 2. Preis werden durch eine unabh\u00e4ngige Jury vergeben. Den 3. Preis w\u00e4hlt das Publikum aus. Hierf\u00fcr liegen Teilnahmekarten im Center aus!<\/p>\n<p style=\"text-align: center;\"><b><br \/>\nGerne kann die aktuelle Ausstellung auch gemeinsam besucht werden.<br \/>\nSprechen Sie mich einfach an!<\/b><\/p>\n<p style=\"text-align: center;\"><b>U<\/b><b>nser Garten kann ganzj\u00e4hrig<br \/>\nnach telefonischer Vereinbarung\u00a0besucht werden.<br \/>\n<\/b><b><\/b><b>Wir freuen uns auf Ihren Besuch!<\/b><\/p>\n<p style=\"text-align: center;\">M\u00f6chten Sie gerne 3-4 mal im Jahr meine &#8222;Atelier-Post&#8220; mit aktuellen Informationen zu Ausstellungen und Kursen erhalten, dann schicken Sie mir bitte eine Mail an<br \/>\n<a href=\"mailto:heike.klar1@t-online.de\">heike.klar1@t-online.de<\/a><br \/>\nIch freue mich auf Ihre Nachricht!<\/p>\n<p style=\"text-align: center;\"><b>Meine Bilder bewegen &#8230;<br \/>\n&#8230; denn jedes erz\u00e4hlt seine eigene Geschichte!<\/b><br \/>\nDie Kombination aus malerischen und zeichnerischen Elementen l\u00e4sst<br \/>\nfabelhafte Traumbilder entstehen, die \u00fcberraschen und verzaubern.<\/p>\n<p style=\"text-align: center;\"><b>Meine Werke befinden sich bei vielen Menschen in Privatbesitz<br \/>\n<\/b><b>&#8230;.und vielleicht auch bald bei Ihnen zu Hause.<br \/>\n<\/b><b><\/b>Nehmen Sie Kontakt zu mir auf!<\/p>\n<p style=\"text-align: center;\"><strong>Folgendes biete ich an:<\/strong><br \/>\nAuftragsmalereien<br \/>\nEinzel-MalZeiten<br \/>\nGemeinschafts-Kunstwerke<br \/>\nErinnerungs-Kunstwerke<br \/>\nWorkshops<br \/>\nIllustrationen<br \/>\n<b>&#8230; und vieles mehr!<\/b><\/p>\n<p style=\"text-align: center;\"><b>Gutscheine gibt\u00b4s \u00fcbrigens auch bei mir.<br \/>\n<\/b><\/p>\n<h1 style=\"text-align: center;\"><strong>\u00dcber mich<\/strong><\/h1>\n<p style=\"text-align: center;\"><strong>&#8222;Gemalt und geglaubt habe ich schon immer!&#8220;<\/strong><br \/>\n<strong>&#8230;was liegt da n\u00e4her, als mein Atelier &#8222;Das Himmlische&#8220; zu nennen!?<\/strong><\/p>\n<p style=\"text-align: center;\">Als Tochter einer Diakonissenschwester wuchs ich sehr religi\u00f6s auf. Gl\u00fccklicherweise lernte ich schon fr\u00fch viele andere verschiedene Glaubensgemeinschaften kennen, da ich im Alter von 5 Jahren die Schwester meiner Mutter ganz allein in S\u00fcdafrika besuchen durfte. Schnell erkannte ich, wie bunt wir Menschen und unser Leben sein k\u00f6nnen, ebenso wie auf meiner Farbpalette.<\/p>\n<p style=\"text-align: center;\">Und ich erkannte, dass es nicht nur eine Wahrheit gibt. F\u00fcr mich stand fest:<br \/>\n<strong>&#8222;Glauben ist wichtig und gut, an was auch immer!&#8220;<\/strong><\/p>\n<p style=\"text-align: center;\">Mehrere Male besuchte ich diesen wundersch\u00f6nen Kontinent. Mutig und aufgeschlossen war ich ja schon als kleines M\u00e4dchen und so steckte ich auch meinen Mann mit der Reiselust an und wir erkundeten gemeinsam viele verschiedene L\u00e4nder, wobei uns der Aufenthalt auf Sri Lanka in besonderer Erinnerung geblieben ist. Gepr\u00e4gt von einer unglaublichen Dankbarkeit ruhen wir in uns selbst und genie\u00dfen unser wundersch\u00f6nes zu Hause hier in Ilten mit unseren S\u00f6hnen. In unserem Garten haben wir uns unser eigenes kleines St\u00fcck vom Paradies geschaffen, dass wir Ihnen nicht vorenthalten m\u00f6chten, denn wir m\u00f6chten Sie an unserem Gl\u00fcck teilhaben lassen.\u00a0 Und so nehmen wir sehr gerne in regelm\u00e4\u00dfigen Abst\u00e4nden an der &#8222;Offenen Gartenpforte der Region Hannover&#8220; teil!<\/p>\n<p><img loading=\"lazy\" class=\"alignnone size-full wp-image-1303\" src=\"https:\/\/dashimmlische.de\/wp-content\/uploads\/Fluegel-am-Haus-scaled.jpg\" alt=\"\" width=\"2560\" height=\"1920\" srcset=\"https:\/\/dashimmlische.de\/wp-content\/uploads\/Fluegel-am-Haus-scaled.jpg 2560w, https:\/\/dashimmlische.de\/wp-content\/uploads\/Fluegel-am-Haus-300x225.jpg 300w, https:\/\/dashimmlische.de\/wp-content\/uploads\/Fluegel-am-Haus-1024x768.jpg 1024w, https:\/\/dashimmlische.de\/wp-content\/uploads\/Fluegel-am-Haus-768x576.jpg 768w, https:\/\/dashimmlische.de\/wp-content\/uploads\/Fluegel-am-Haus-1536x1152.jpg 1536w, https:\/\/dashimmlische.de\/wp-content\/uploads\/Fluegel-am-Haus-2048x1536.jpg 2048w\" sizes=\"(max-width: 706px) 89vw, (max-width: 767px) 82vw, 740px\" \/><\/p>\n<p style=\"text-align: center;\"><strong>Herzlichst Heike Klar<\/strong><\/p>\n<p style=\"text-align: center;\"><img loading=\"lazy\" class=\"alignnone size-full wp-image-1062\" src=\"https:\/\/dashimmlische.de\/wp-content\/uploads\/DasHimmlische_klein-1.png\" alt=\"\" width=\"100\" height=\"47\" \/><\/p>\n","protected":false},"excerpt":{"rendered":"<p>Herzlich Willkommen und herzliche Einladung zu meiner aktuellen\u00a0 Gemeinschaftsausstellung &#8222;Blickpunkt&#8220; im Leine Center Laatzen, Albert-Schweitzer-Stra\u00dfe 10, 30880 Laatzen vom 13.10. &#8211; 28.10.2025 Der Kunstkreis Laatzen e.V. und die Werbegemeinschaft Leine-Center Laatzen schreiben gemeinsam den Kunstpreis zum Thema &#8222;Blickpunkt&#8220; aus. Der 1. und 2. Preis werden durch eine unabh\u00e4ngige Jury vergeben. Den 3. Preis w\u00e4hlt das &hellip; <\/p>\n<p class=\"link-more\"><a href=\"https:\/\/dashimmlische.de\/\" class=\"more-link\"><span class=\"screen-reader-text\">\u201eStart\u201c<\/span> weiterlesen<\/a><\/p>\n","protected":false},"author":1,"featured_media":0,"parent":0,"menu_order":0,"comment_status":"closed","ping_status":"open","template":"","meta":[],"_links":{"self":[{"href":"https:\/\/dashimmlische.de\/index.php\/wp-json\/wp\/v2\/pages\/2"}],"collection":[{"href":"https:\/\/dashimmlische.de\/index.php\/wp-json\/wp\/v2\/pages"}],"about":[{"href":"https:\/\/dashimmlische.de\/index.php\/wp-json\/wp\/v2\/types\/page"}],"author":[{"embeddable":true,"href":"https:\/\/dashimmlische.de\/index.php\/wp-json\/wp\/v2\/users\/1"}],"replies":[{"embeddable":true,"href":"https:\/\/dashimmlische.de\/index.php\/wp-json\/wp\/v2\/comments?post=2"}],"version-history":[{"count":95,"href":"https:\/\/dashimmlische.de\/index.php\/wp-json\/wp\/v2\/pages\/2\/revisions"}],"predecessor-version":[{"id":1537,"href":"https:\/\/dashimmlische.de\/index.php\/wp-json\/wp\/v2\/pages\/2\/revisions\/1537"}],"wp:attachment":[{"href":"https:\/\/dashimmlische.de\/index.php\/wp-json\/wp\/v2\/media?parent=2"}],"curies":[{"name":"wp","href":"https:\/\/api.w.org\/{rel}","templated":true}]}}