{"id":1272,"date":"2022-03-24T15:40:32","date_gmt":"2022-03-24T15:40:32","guid":{"rendered":"https:\/\/dashimmlische.de\/?page_id=1272"},"modified":"2024-02-28T19:11:37","modified_gmt":"2024-02-28T19:11:37","slug":"auftragsmalerei","status":"publish","type":"page","link":"https:\/\/dashimmlische.de\/index.php\/auftragsmalerei\/","title":{"rendered":"Auftragsmalerei"},"content":{"rendered":"\n<p class=\"has-text-align-center\"><strong>Meine Bilder bewegen &#8230;<br>&#8230; denn jedes erz\u00e4hlt seine eigene Geschichte!<\/strong><\/p>\n\n\n\n<p>Anbei eine grobe Richtlinie f\u00fcr verschiedene Gr\u00f6\u00dfen der Auftragsmalerei. Bei den Preisen handelt es sich immer um Standard Leinw\u00e4nde ohne Rahmung, daher k\u00f6nnen die Preise bei Sonderw\u00fcnschen abweichen. Gern erstelle ich ein individuelles Angebot nach vorheriger Absprache.<\/p>\n\n\n\n<p> 18 x  24  cm = 170,- \u20ac<br> 20 x  20  cm = 180,- \u20ac<br> 24 x 30  cm = 190,- \u20ac<br> 30 x 30  cm = 200,- \u20ac<br> 30 x  40  cm = 210,- \u20ac<br> 40 x  40  cm = 220,- \u20ac<br> 50 x  50  cm = 240,- \u20ac<br> 60 x  60  cm = 260,- \u20ac<br> 70 x  70  cm = 280,- \u20ac<br> 80 x  80  cm = 300,- \u20ac<br> 90 x  90  cm = 320,- \u20ac<br>100 x 100 cm = 340,- \u20ac<br>110 x 110 cm = 360,- \u20ac<br>115 x 115 cm = 370,- \u20ac<br>120 x 120 cm = 380,- \u20ac<br>130 x 130 cm = 400,- \u20ac<br>140 x 140 cm  = 420,- \u20ac<\/p>\n\n\n\n<figure class=\"wp-block-image size-large\"><img loading=\"lazy\" width=\"683\" height=\"1024\" src=\"https:\/\/dashimmlische.de\/wp-content\/uploads\/alte-Eiche-683x1024.jpg\" alt=\"\" class=\"wp-image-1515\" srcset=\"https:\/\/dashimmlische.de\/wp-content\/uploads\/alte-Eiche-683x1024.jpg 683w, https:\/\/dashimmlische.de\/wp-content\/uploads\/alte-Eiche-200x300.jpg 200w, https:\/\/dashimmlische.de\/wp-content\/uploads\/alte-Eiche-768x1152.jpg 768w, https:\/\/dashimmlische.de\/wp-content\/uploads\/alte-Eiche-1024x1536.jpg 1024w, https:\/\/dashimmlische.de\/wp-content\/uploads\/alte-Eiche-1366x2048.jpg 1366w, https:\/\/dashimmlische.de\/wp-content\/uploads\/alte-Eiche-scaled.jpg 1707w\" sizes=\"(max-width: 683px) 100vw, 683px\" \/><figcaption><strong>&#8222;alte Eiche&#8220; &#8211; Auftragsmalerei in der Gr\u00f6\u00dfe 10 x 15 cm<\/strong><\/figcaption><\/figure>\n\n\n\n<p><\/p>\n\n\n\n<div class=\"wp-block-image\"><figure class=\"aligncenter size-large\"><img loading=\"lazy\" width=\"100\" height=\"47\" src=\"https:\/\/dashimmlische.de\/wp-content\/uploads\/DasHimmlische_klein-1.png\" alt=\"\" class=\"wp-image-1062\"\/><\/figure><\/div>\n","protected":false},"excerpt":{"rendered":"<p>Meine Bilder bewegen &#8230;&#8230; denn jedes erz\u00e4hlt seine eigene Geschichte! Anbei eine grobe Richtlinie f\u00fcr verschiedene Gr\u00f6\u00dfen der Auftragsmalerei. Bei den Preisen handelt es sich immer um Standard Leinw\u00e4nde ohne Rahmung, daher k\u00f6nnen die Preise bei Sonderw\u00fcnschen abweichen. Gern erstelle ich ein individuelles Angebot nach vorheriger Absprache. 18 x 24 cm = 170,- \u20ac 20 &hellip; <\/p>\n<p class=\"link-more\"><a href=\"https:\/\/dashimmlische.de\/index.php\/auftragsmalerei\/\" class=\"more-link\"><span class=\"screen-reader-text\">\u201eAuftragsmalerei\u201c<\/span> weiterlesen<\/a><\/p>\n","protected":false},"author":2,"featured_media":0,"parent":0,"menu_order":0,"comment_status":"closed","ping_status":"closed","template":"","meta":[],"_links":{"self":[{"href":"https:\/\/dashimmlische.de\/index.php\/wp-json\/wp\/v2\/pages\/1272"}],"collection":[{"href":"https:\/\/dashimmlische.de\/index.php\/wp-json\/wp\/v2\/pages"}],"about":[{"href":"https:\/\/dashimmlische.de\/index.php\/wp-json\/wp\/v2\/types\/page"}],"author":[{"embeddable":true,"href":"https:\/\/dashimmlische.de\/index.php\/wp-json\/wp\/v2\/users\/2"}],"replies":[{"embeddable":true,"href":"https:\/\/dashimmlische.de\/index.php\/wp-json\/wp\/v2\/comments?post=1272"}],"version-history":[{"count":10,"href":"https:\/\/dashimmlische.de\/index.php\/wp-json\/wp\/v2\/pages\/1272\/revisions"}],"predecessor-version":[{"id":1517,"href":"https:\/\/dashimmlische.de\/index.php\/wp-json\/wp\/v2\/pages\/1272\/revisions\/1517"}],"wp:attachment":[{"href":"https:\/\/dashimmlische.de\/index.php\/wp-json\/wp\/v2\/media?parent=1272"}],"curies":[{"name":"wp","href":"https:\/\/api.w.org\/{rel}","templated":true}]}}